{"id":5307,"date":"2021-08-12T11:01:41","date_gmt":"2021-08-12T11:01:41","guid":{"rendered":"https:\/\/papirusdigital.com\/automatic-document-classification\/"},"modified":"2026-04-06T09:00:36","modified_gmt":"2026-04-06T09:00:36","slug":"document-classification","status":"publish","type":"page","link":"https:\/\/papirus.ai\/tr\/document-classification\/","title":{"rendered":"Document Classification"},"content":{"rendered":"\t\t<div data-elementor-type=\"wp-post\" data-elementor-id=\"5307\" class=\"elementor elementor-5307\">\n\t\t\t\t\t\t<section class=\"elementor-section elementor-top-section elementor-element elementor-element-f989622 elementor-section-boxed elementor-section-height-default elementor-section-height-default\" data-id=\"f989622\" data-element_type=\"section\">\n\t\t\t\t\t\t<div class=\"elementor-container elementor-column-gap-default\">\n\t\t\t\t\t<div class=\"elementor-column elementor-col-100 elementor-top-column elementor-element elementor-element-f306a4a\" data-id=\"f306a4a\" data-element_type=\"column\">\n\t\t\t<div class=\"elementor-widget-wrap elementor-element-populated\">\n\t\t\t\t\t\t<div class=\"elementor-element elementor-element-8530097 elementor-widget elementor-widget-rt-About-image-text\" data-id=\"8530097\" data-element_type=\"widget\" data-widget_type=\"rt-About-image-text.default\">\n\t\t\t\t<div class=\"elementor-widget-container\">\n\t\t\t<div class=\"about-image-text about-layout-style3\">\n\t<div class=\"rtin-item right-image has-animation\">\n\t\t<div class=\"row\">\n\t\t\t<div class=\"col-lg-6 col-12 order-lg-2\">\n\t\t\t\t<div class=\"translate-right-75 opacity-animation transition-150 transition-delay-100\">\n\t\t\t\t\t<div class=\"about-image\">\n\t\t\t\t\t\t<img loading=\"lazy\" decoding=\"async\" width=\"500\" height=\"400\" src=\"https:\/\/papirus.ai\/wp-content\/uploads\/2021\/08\/dokuman-siniflandirma.png\" class=\"attachment-medium_large size-medium_large wp-image-3819\" alt=\"dokuman s\u0131n\u0131fland\u0131rma | Papirus AI\" \/ loading=\"lazy\" srcset=\"https:\/\/papirus.ai\/wp-content\/uploads\/2021\/08\/dokuman-siniflandirma.png 500w, https:\/\/papirus.ai\/wp-content\/uploads\/2021\/08\/dokuman-siniflandirma-300x240.png 300w\" sizes=\"auto, (max-width: 500px) 100vw, 500px\" \/>\t\t\t\t\n\t\t\t\t\t<\/div>\n\t\t\t\t<\/div>\n\t\t\t<\/div>\n\t\t\t<div class=\"col-lg-6 col-12 order-lg-1\">\n\t\t\t\t<div class=\"about-content\">\n\t\t\t\t\t\t\t\t\t\t\t\t\t\t\t\t<h2 class=\"rtin-title\">Document Classification<\/h2>\n\t\t\t\t\t\t\t\t\t\t\t\t\t\t\t\t<div class=\"rtin-content\">One of the important steps in document digitization is \"Document Classification\". Without the need for manual intervention, the classes of the documents are automatically determined and sent to the relevant systems.\n\nThanks to the hybrid document classification infrastructure developed by Papirus AI, where machine learning and rule-based structure are used together; As a result of very short training time, high accuracy rates are achieved.<\/div>\n\t\t\t\t\t\t\t\t\t\t\t\t\t\t<\/div>\n\t\t\t<\/div>\t\t\t\n\t\t<\/div>\n\t<\/div>\n<\/div>\t\t<\/div>\n\t\t\t\t<\/div>\n\t\t\t\t\t<\/div>\n\t\t<\/div>\n\t\t\t\t\t<\/div>\n\t\t<\/section>\n\t\t\t\t<section class=\"elementor-section elementor-top-section elementor-element elementor-element-8659950 elementor-section-boxed elementor-section-height-default elementor-section-height-default\" data-id=\"8659950\" data-element_type=\"section\">\n\t\t\t\t\t\t<div class=\"elementor-container elementor-column-gap-default\">\n\t\t\t\t\t<div class=\"elementor-column elementor-col-100 elementor-top-column elementor-element elementor-element-ab6c417\" data-id=\"ab6c417\" data-element_type=\"column\">\n\t\t\t<div class=\"elementor-widget-wrap elementor-element-populated\">\n\t\t\t\t\t\t<div class=\"elementor-element elementor-element-1447716 elementor-widget elementor-widget-rt-cta\" data-id=\"1447716\" data-element_type=\"widget\" data-widget_type=\"rt-cta.default\">\n\t\t\t\t<div class=\"elementor-widget-container\">\n\t\t\t<div class=\"rt-el-cta cta-style3\">\n\t<div class=\"container\">\n\t\t<div class=\"align-items row\">\n\t\t\t<div class=\"cta-content col-lg-7\">\n\t\t\t\t<h2 class=\"rtin-title\">See Our AI-powered OCR Solutions in Action. Request a Personalized Demo.<\/h2>\n\t\t\t\t<p><\/p>\n\t\t\t<\/div>\t\t\t\n\t\t\t<div class=\"rtin-button col-lg-5\">\n\t\t\t\t<a class=\"btn-fill-light\" href=\"https:\/\/papirus.ai\/contact\/\">Demo Request<\/a>\t\t\t\t\t\t\t<\/div>\n\t\t\t\n\t\t\t\n\t\t<\/div>\t\t\n\t<\/div>\n<\/div>\t\t<\/div>\n\t\t\t\t<\/div>\n\t\t\t\t\t<\/div>\n\t\t<\/div>\n\t\t\t\t\t<\/div>\n\t\t<\/section>\n\t\t\t\t<\/div>\n\t\t","protected":false},"excerpt":{"rendered":"<p>Document Classification One of the important steps in document digitization is &#8220;Document Classification&#8221;. Without the need for manual intervention, the classes of the documents are automatically determined and sent to the relevant systems. Thanks to the hybrid document classification infrastructure developed by Papirus AI, where machine learning and rule-based structure are used together; As a [&hellip;]<\/p>\n","protected":false},"author":1,"featured_media":5291,"parent":0,"menu_order":0,"comment_status":"closed","ping_status":"closed","template":"","meta":{"footnotes":""},"class_list":["post-5307","page","type-page","status-publish","has-post-thumbnail","hentry"],"yoast_head":"<!-- This site is optimized with the Yoast SEO plugin v22.0 - https:\/\/yoast.com\/wordpress\/plugins\/seo\/ -->\n<title>Document Classification | Papirus AI<\/title>\n<meta name=\"description\" content=\"Automatically classify documents using a hybrid AI and rule-based model. Supports structured, semi-structured and unstructured document types.\" \/>\n<meta name=\"robots\" content=\"index, follow, max-snippet:-1, max-image-preview:large, max-video-preview:-1\" \/>\n<link rel=\"canonical\" href=\"https:\/\/papirus.ai\/document-classification\/\" \/>\n<meta property=\"og:locale\" content=\"tr_TR\" \/>\n<meta property=\"og:type\" content=\"article\" \/>\n<meta property=\"og:title\" content=\"Document Classification | Papirus AI\" \/>\n<meta property=\"og:description\" content=\"Automatically classify documents using a hybrid AI and rule-based model. Supports structured, semi-structured and unstructured document types.\" \/>\n<meta property=\"og:url\" content=\"https:\/\/papirus.ai\/document-classification\/\" \/>\n<meta property=\"og:site_name\" content=\"Papirus.ai\" \/>\n<meta property=\"article:modified_time\" content=\"2026-04-06T09:00:36+00:00\" \/>\n<meta property=\"og:image\" content=\"https:\/\/papirus.ai\/wp-content\/uploads\/2021\/12\/doku\u0308man-siniflandirma_blog.png\" \/>\n\t<meta property=\"og:image:width\" content=\"510\" \/>\n\t<meta property=\"og:image:height\" content=\"278\" \/>\n\t<meta property=\"og:image:type\" content=\"image\/png\" \/>\n<meta name=\"twitter:card\" content=\"summary_large_image\" \/>\n<meta name=\"twitter:title\" content=\"Document Classification | Papirus AI\" \/>\n<meta name=\"twitter:description\" content=\"Automatically classify documents using a hybrid AI and rule-based model. Supports structured, semi-structured and unstructured document types.\" \/>\n<meta name=\"twitter:label1\" content=\"Tahmini okuma s\u00fcresi\" \/>\n\t<meta name=\"twitter:data1\" content=\"1 dakika\" \/>\n<script type=\"application\/ld+json\" class=\"yoast-schema-graph\">{\"@context\":\"https:\/\/schema.org\",\"@graph\":[{\"@type\":\"WebPage\",\"@id\":\"https:\/\/papirus.ai\/document-classification\/\",\"url\":\"https:\/\/papirus.ai\/document-classification\/\",\"name\":\"Document Classification | Papirus AI\",\"isPartOf\":{\"@id\":\"https:\/\/papirus.ai\/#website\"},\"datePublished\":\"2021-08-12T11:01:41+00:00\",\"dateModified\":\"2026-04-06T09:00:36+00:00\",\"description\":\"Automatically classify documents using a hybrid AI and rule-based model. Supports structured, semi-structured and unstructured document types.\",\"breadcrumb\":{\"@id\":\"https:\/\/papirus.ai\/document-classification\/#breadcrumb\"},\"inLanguage\":\"tr\",\"potentialAction\":[{\"@type\":\"ReadAction\",\"target\":[\"https:\/\/papirus.ai\/document-classification\/\"]}]},{\"@type\":\"BreadcrumbList\",\"@id\":\"https:\/\/papirus.ai\/document-classification\/#breadcrumb\",\"itemListElement\":[{\"@type\":\"ListItem\",\"position\":1,\"name\":\"Home\",\"item\":\"https:\/\/papirus.ai\/\"},{\"@type\":\"ListItem\",\"position\":2,\"name\":\"Document Classification\"}]},{\"@type\":\"WebSite\",\"@id\":\"https:\/\/papirus.ai\/#website\",\"url\":\"https:\/\/papirus.ai\/\",\"name\":\"papirus.ai\",\"description\":\"Papirus.AI :AI-Powered Intelligent Document Processing\",\"publisher\":{\"@id\":\"https:\/\/papirus.ai\/#organization\"},\"potentialAction\":[{\"@type\":\"SearchAction\",\"target\":{\"@type\":\"EntryPoint\",\"urlTemplate\":\"https:\/\/papirus.ai\/?s={search_term_string}\"},\"query-input\":\"required name=search_term_string\"}],\"inLanguage\":\"tr\"},{\"@type\":\"Organization\",\"@id\":\"https:\/\/papirus.ai\/#organization\",\"name\":\"Papirus AI\",\"url\":\"https:\/\/papirus.ai\/\",\"logo\":{\"@type\":\"ImageObject\",\"inLanguage\":\"tr\",\"@id\":\"https:\/\/papirus.ai\/#\/schema\/logo\/image\/\",\"url\":\"https:\/\/papirus.ai\/wp-content\/uploads\/2023\/08\/Papirus_mavi.svg\",\"contentUrl\":\"https:\/\/papirus.ai\/wp-content\/uploads\/2023\/08\/Papirus_mavi.svg\",\"width\":276,\"height\":88,\"caption\":\"Papirus AI\"},\"image\":{\"@id\":\"https:\/\/papirus.ai\/#\/schema\/logo\/image\/\"}}]}<\/script>\n<!-- \/ Yoast SEO plugin. -->","yoast_head_json":{"title":"Document Classification | Papirus AI","description":"Automatically classify documents using a hybrid AI and rule-based model. Supports structured, semi-structured and unstructured document types.","robots":{"index":"index","follow":"follow","max-snippet":"max-snippet:-1","max-image-preview":"max-image-preview:large","max-video-preview":"max-video-preview:-1"},"canonical":"https:\/\/papirus.ai\/document-classification\/","og_locale":"tr_TR","og_type":"article","og_title":"Document Classification | Papirus AI","og_description":"Automatically classify documents using a hybrid AI and rule-based model. Supports structured, semi-structured and unstructured document types.","og_url":"https:\/\/papirus.ai\/document-classification\/","og_site_name":"Papirus.ai","article_modified_time":"2026-04-06T09:00:36+00:00","og_image":[{"width":510,"height":278,"url":"https:\/\/papirus.ai\/wp-content\/uploads\/2021\/12\/doku\u0308man-siniflandirma_blog.png","type":"image\/png"}],"twitter_card":"summary_large_image","twitter_title":"Document Classification | Papirus AI","twitter_description":"Automatically classify documents using a hybrid AI and rule-based model. Supports structured, semi-structured and unstructured document types.","twitter_misc":{"Tahmini okuma s\u00fcresi":"1 dakika"},"schema":{"@context":"https:\/\/schema.org","@graph":[{"@type":"WebPage","@id":"https:\/\/papirus.ai\/document-classification\/","url":"https:\/\/papirus.ai\/document-classification\/","name":"Document Classification | Papirus AI","isPartOf":{"@id":"https:\/\/papirus.ai\/#website"},"datePublished":"2021-08-12T11:01:41+00:00","dateModified":"2026-04-06T09:00:36+00:00","description":"Automatically classify documents using a hybrid AI and rule-based model. Supports structured, semi-structured and unstructured document types.","breadcrumb":{"@id":"https:\/\/papirus.ai\/document-classification\/#breadcrumb"},"inLanguage":"tr","potentialAction":[{"@type":"ReadAction","target":["https:\/\/papirus.ai\/document-classification\/"]}]},{"@type":"BreadcrumbList","@id":"https:\/\/papirus.ai\/document-classification\/#breadcrumb","itemListElement":[{"@type":"ListItem","position":1,"name":"Home","item":"https:\/\/papirus.ai\/"},{"@type":"ListItem","position":2,"name":"Document Classification"}]},{"@type":"WebSite","@id":"https:\/\/papirus.ai\/#website","url":"https:\/\/papirus.ai\/","name":"papirus.ai","description":"Papirus.AI :AI-Powered Intelligent Document Processing","publisher":{"@id":"https:\/\/papirus.ai\/#organization"},"potentialAction":[{"@type":"SearchAction","target":{"@type":"EntryPoint","urlTemplate":"https:\/\/papirus.ai\/?s={search_term_string}"},"query-input":"required name=search_term_string"}],"inLanguage":"tr"},{"@type":"Organization","@id":"https:\/\/papirus.ai\/#organization","name":"Papirus AI","url":"https:\/\/papirus.ai\/","logo":{"@type":"ImageObject","inLanguage":"tr","@id":"https:\/\/papirus.ai\/#\/schema\/logo\/image\/","url":"https:\/\/papirus.ai\/wp-content\/uploads\/2023\/08\/Papirus_mavi.svg","contentUrl":"https:\/\/papirus.ai\/wp-content\/uploads\/2023\/08\/Papirus_mavi.svg","width":276,"height":88,"caption":"Papirus AI"},"image":{"@id":"https:\/\/papirus.ai\/#\/schema\/logo\/image\/"}}]}},"_links":{"self":[{"href":"https:\/\/papirus.ai\/tr\/wp-json\/wp\/v2\/pages\/5307","targetHints":{"allow":["GET"]}}],"collection":[{"href":"https:\/\/papirus.ai\/tr\/wp-json\/wp\/v2\/pages"}],"about":[{"href":"https:\/\/papirus.ai\/tr\/wp-json\/wp\/v2\/types\/page"}],"author":[{"embeddable":true,"href":"https:\/\/papirus.ai\/tr\/wp-json\/wp\/v2\/users\/1"}],"replies":[{"embeddable":true,"href":"https:\/\/papirus.ai\/tr\/wp-json\/wp\/v2\/comments?post=5307"}],"version-history":[{"count":22,"href":"https:\/\/papirus.ai\/tr\/wp-json\/wp\/v2\/pages\/5307\/revisions"}],"predecessor-version":[{"id":7146,"href":"https:\/\/papirus.ai\/tr\/wp-json\/wp\/v2\/pages\/5307\/revisions\/7146"}],"wp:featuredmedia":[{"embeddable":true,"href":"https:\/\/papirus.ai\/tr\/wp-json\/wp\/v2\/media\/5291"}],"wp:attachment":[{"href":"https:\/\/papirus.ai\/tr\/wp-json\/wp\/v2\/media?parent=5307"}],"curies":[{"name":"wp","href":"https:\/\/api.w.org\/{rel}","templated":true}]}}